{"id":48,"date":"2025-12-28T00:03:47","date_gmt":"2025-12-27T23:03:47","guid":{"rendered":"https:\/\/www.moja-polisa.com\/?page_id=48"},"modified":"2026-02-28T01:41:54","modified_gmt":"2026-02-28T00:41:54","slug":"o-nama","status":"publish","type":"page","link":"https:\/\/www.moja-polisa.com\/index.php\/o-nama\/","title":{"rendered":"O nama"},"content":{"rendered":"\n<p>Dru\u0161tvo za zastupanje u osiguranju <strong>Moja Polisa<\/strong> osnovano je 2020. godine sa ciljem da svoje klijente vodi kroz svet osiguranja, obezbe\u0111uju\u0107i im sigurnost, adekvatna pokri\u0107a i kristalno jasne uslove pod kojima ugovaraju polise. <br><br>Kao <strong>nezavisni zastupnici u osiguranju<\/strong>, klijentima pru\u017eamo stru\u010dno, transparentno i objektivno savetovanje, kreiraju\u0107i optimalna i personalizovana re\u0161enja iz ponude vi\u0161e osiguravaju\u0107ih dru\u0161tava, u skladu sa njihovim stvarnim potrebama. <br><br>Na\u0161 fokus je na dugoro\u010dnim partnerskim odnosima, razumevanju potreba klijenata i za\u0161titi njihovih li\u010dnih i poslovnih interesa. Posve\u0107enost, visok nivo profesionalnosti i eti\u010dnosti, uz kontinuirano unapre\u0111enje znanja, omogu\u0107avaju svakom na\u0161em klijentu da bude adekvatno osiguran, siguran i bezbri\u017ean.<\/p>\n\n\n\n<p><\/p>\n","protected":false},"excerpt":{"rendered":"<p>Dru\u0161tvo za zastupanje u osiguranju Moja Polisa osnovano je 2020. godine sa ciljem da svoje klijente vodi kroz svet osiguranja, obezbe\u0111uju\u0107i im sigurnost, adekvatna pokri\u0107a i kristalno jasne uslove pod kojima ugovaraju polise. Kao nezavisni zastupnici u osiguranju, klijentima pru\u017eamo stru\u010dno, transparentno i objektivno savetovanje, kreiraju\u0107i optimalna i personalizovana re\u0161enja iz ponude vi\u0161e osiguravaju\u0107ih dru\u0161tava,&#8230;<\/p>\n","protected":false},"author":1,"featured_media":0,"parent":0,"menu_order":0,"comment_status":"closed","ping_status":"closed","template":"","meta":{"footnotes":""},"class_list":["post-48","page","type-page","status-publish","hentry"],"_links":{"self":[{"href":"https:\/\/www.moja-polisa.com\/index.php\/wp-json\/wp\/v2\/pages\/48","targetHints":{"allow":["GET"]}}],"collection":[{"href":"https:\/\/www.moja-polisa.com\/index.php\/wp-json\/wp\/v2\/pages"}],"about":[{"href":"https:\/\/www.moja-polisa.com\/index.php\/wp-json\/wp\/v2\/types\/page"}],"author":[{"embeddable":true,"href":"https:\/\/www.moja-polisa.com\/index.php\/wp-json\/wp\/v2\/users\/1"}],"replies":[{"embeddable":true,"href":"https:\/\/www.moja-polisa.com\/index.php\/wp-json\/wp\/v2\/comments?post=48"}],"version-history":[{"count":6,"href":"https:\/\/www.moja-polisa.com\/index.php\/wp-json\/wp\/v2\/pages\/48\/revisions"}],"predecessor-version":[{"id":96,"href":"https:\/\/www.moja-polisa.com\/index.php\/wp-json\/wp\/v2\/pages\/48\/revisions\/96"}],"wp:attachment":[{"href":"https:\/\/www.moja-polisa.com\/index.php\/wp-json\/wp\/v2\/media?parent=48"}],"curies":[{"name":"wp","href":"https:\/\/api.w.org\/{rel}","templated":true}]}}